{"id":66,"date":"2017-05-24T13:08:18","date_gmt":"2017-05-24T13:08:18","guid":{"rendered":"https:\/\/cater.ro\/fitnessplanet\/?page_id=66"},"modified":"2024-02-01T06:43:33","modified_gmt":"2024-02-01T06:43:33","slug":"clase","status":"publish","type":"page","link":"https:\/\/cater.ro\/fitnessplanet\/clase\/","title":{"rendered":"Clase"},"content":{"rendered":"<div>\n<p><strong>\u00a0 \u00a0 \u00a0 \u00a0 \u00a0 \u00a0 \u00a0 \u00a0 \u00a0 \u00a0 \u00a0 \u00a0 \u00a0 \u00a0 \u00a0 \u00a0 \u00a0 \u00a0 \u00a0 \u00a0 \u00a0 \u00a0 \u00a0 \u00a0 \u00a0 \u00a0 \u00a0 \u00a0 \u00a0 \u00a0 \u00a0 \u00a0CLASE FITNESSPLANET<\/strong><\/p>\n<\/div>\n<div class=\"wpsm_comptable_shortcode_echo\">\n<table id=\"tablepress-3\" class=\"tablepress tablepress-id-3\">\n<thead>\n<tr class=\"row-1\">\n\t<td class=\"column-1\"><\/td><td class=\"column-2\"><\/td><td class=\"column-3\"><\/td><td class=\"column-4\"><\/td><td class=\"column-5\"><\/td><td class=\"column-6\"><\/td><td class=\"column-7\"><\/td><td class=\"column-8\"><\/td>\n<\/tr>\n<\/thead>\n<tbody class=\"row-striping row-hover\">\n<tr class=\"row-2\">\n\t<td class=\"column-1\"><\/td><td class=\"column-2\"><\/td><td class=\"column-3\"><\/td><td class=\"column-4\"><\/td><td class=\"column-5\"><\/td><td class=\"column-6\"><\/td><td class=\"column-7\"><\/td><td class=\"column-8\"><\/td>\n<\/tr>\n<tr class=\"row-3\">\n\t<td class=\"column-1\">Ziua\/Ora<\/td><td class=\"column-2\">LUNI<\/td><td class=\"column-3\">Ora<\/td><td class=\"column-4\">MAR\u021aI<\/td><td class=\"column-5\">MIERCURI<\/td><td class=\"column-6\">JOI<\/td><td class=\"column-7\">VINERI<\/td><td class=\"column-8\">S\u00c2MB\u0102T\u0102<\/td>\n<\/tr>\n<tr class=\"row-4\">\n\t<td class=\"column-1\">10.00<\/td><td class=\"column-2\"><\/td><td class=\"column-3\">10.00<\/td><td class=\"column-4\"><\/td><td class=\"column-5\"><\/td><td class=\"column-6\"><\/td><td class=\"column-7\"><\/td><td class=\"column-8\"><\/td>\n<\/tr>\n<tr class=\"row-5\">\n\t<td class=\"column-1\">11.00<\/td><td class=\"column-2\"><\/td><td class=\"column-3\">11.00<\/td><td class=\"column-4\"><\/td><td class=\"column-5\"><\/td><td class=\"column-6\"><\/td><td class=\"column-7\"><\/td><td class=\"column-8\"><\/td>\n<\/tr>\n<tr class=\"row-6\">\n\t<td class=\"column-1\">12.30<\/td><td class=\"column-2\"><\/td><td class=\"column-3\">12.00<\/td><td class=\"column-4\"><\/td><td class=\"column-5\"><\/td><td class=\"column-6\"><\/td><td class=\"column-7\"><\/td><td class=\"column-8\"><\/td>\n<\/tr>\n<tr class=\"row-7\">\n\t<td class=\"column-1\">13.30<\/td><td class=\"column-2\"><\/td><td class=\"column-3\">13.00<\/td><td class=\"column-4\"><\/td><td class=\"column-5\"><\/td><td class=\"column-6\"><\/td><td class=\"column-7\"><\/td><td class=\"column-8\"><\/td>\n<\/tr>\n<tr class=\"row-8\">\n\t<td class=\"column-1\">17.00<\/td><td class=\"column-2\"><\/td><td class=\"column-3\">17.00<\/td><td class=\"column-4\"><\/td><td class=\"column-5\"><\/td><td class=\"column-6\"><\/td><td class=\"column-7\"><\/td><td class=\"column-8\"><\/td>\n<\/tr>\n<tr class=\"row-9\">\n\t<td class=\"column-1\">17.30<\/td><td class=\"column-2\"><\/td><td class=\"column-3\">18.00<\/td><td class=\"column-4\"><\/td><td class=\"column-5\"><\/td><td class=\"column-6\"><\/td><td class=\"column-7\"><\/td><td class=\"column-8\"><\/td>\n<\/tr>\n<tr class=\"row-10\">\n\t<td class=\"column-1\">18.30<\/td><td class=\"column-2\"><\/td><td class=\"column-3\">19.00<\/td><td class=\"column-4\"><\/td><td class=\"column-5\"><\/td><td class=\"column-6\"><\/td><td class=\"column-7\"><\/td><td class=\"column-8\"><\/td>\n<\/tr>\n<tr class=\"row-11\">\n\t<td class=\"column-1\">19.30<\/td><td class=\"column-2\"><\/td><td class=\"column-3\">20.00<\/td><td class=\"column-4\"><\/td><td class=\"column-5\"><\/td><td class=\"column-6\"><\/td><td class=\"column-7\"><\/td><td class=\"column-8\"><\/td>\n<\/tr>\n<tr class=\"row-12\">\n\t<td class=\"column-1\">20.30<\/td><td class=\"column-2\"><\/td><td class=\"column-3\">21.00<\/td><td class=\"column-4\"><\/td><td class=\"column-5\"><\/td><td class=\"column-6\"><\/td><td class=\"column-7\"><\/td><td class=\"column-8\"><\/td>\n<\/tr>\n<tr class=\"row-13\">\n\t<td class=\"column-1\"><\/td><td class=\"column-2\"><\/td><td class=\"column-3\"><\/td><td class=\"column-4\"><\/td><td class=\"column-5\"><\/td><td class=\"column-6\"><\/td><td class=\"column-7\"><\/td><td class=\"column-8\"><\/td>\n<\/tr>\n<\/tbody>\n<tfoot>\n<tr class=\"row-14\">\n\t<td class=\"column-1\"><\/td><td class=\"column-2\"><\/td><td class=\"column-3\"><\/td><td class=\"column-4\"><\/td><td class=\"column-5\"><\/td><td class=\"column-6\"><\/td><td class=\"column-7\"><\/td><td class=\"column-8\"><\/td>\n<\/tr>\n<\/tfoot>\n<\/table>\n<\/div>\n","protected":false},"excerpt":{"rendered":"<p>\u00a0 \u00a0 \u00a0 \u00a0 \u00a0 \u00a0 \u00a0 \u00a0 \u00a0 \u00a0 \u00a0 \u00a0 \u00a0 \u00a0 \u00a0 \u00a0 \u00a0 \u00a0 \u00a0 \u00a0 \u00a0 \u00a0 \u00a0 \u00a0 \u00a0 \u00a0 \u00a0 \u00a0 \u00a0 \u00a0 \u00a0 \u00a0CLASE FITNESSPLANET<\/p>\n","protected":false},"author":1,"featured_media":0,"parent":0,"menu_order":0,"comment_status":"closed","ping_status":"closed","template":"g1_template_page_full.php","meta":{"footnotes":""},"class_list":["post-66","page","type-page","status-publish"],"yoast_head":"<!-- This site is optimized with the Yoast SEO plugin v27.3 - https:\/\/yoast.com\/product\/yoast-seo-wordpress\/ -->\n<title>FitnessPlanet<\/title>\n<meta name=\"description\" content=\"fitness timisoara\" \/>\n<meta name=\"robots\" content=\"index, follow, max-snippet:-1, max-image-preview:large, max-video-preview:-1\" \/>\n<link rel=\"canonical\" href=\"https:\/\/cater.ro\/fitnessplanet\/clase\/\" \/>\n<meta property=\"og:locale\" content=\"ro_RO\" \/>\n<meta property=\"og:type\" content=\"article\" \/>\n<meta property=\"og:title\" content=\"FitnessPlanet\" \/>\n<meta property=\"og:description\" content=\"fitness timisoara\" \/>\n<meta property=\"og:url\" content=\"https:\/\/cater.ro\/fitnessplanet\/clase\/\" \/>\n<meta property=\"og:site_name\" content=\"Fitness Planet\" \/>\n<meta property=\"article:publisher\" content=\"https:\/\/www.facebook.com\/Fitness-Planet-Oficial-565618186815487\/?fref=ts\" \/>\n<meta property=\"article:modified_time\" content=\"2024-02-01T06:43:33+00:00\" \/>\n<meta name=\"twitter:card\" content=\"summary_large_image\" \/>\n<script type=\"application\/ld+json\" class=\"yoast-schema-graph\">{\"@context\":\"https:\\\/\\\/schema.org\",\"@graph\":[{\"@type\":\"WebPage\",\"@id\":\"https:\\\/\\\/cater.ro\\\/fitnessplanet\\\/clase\\\/\",\"url\":\"https:\\\/\\\/cater.ro\\\/fitnessplanet\\\/clase\\\/\",\"name\":\"FitnessPlanet\",\"isPartOf\":{\"@id\":\"https:\\\/\\\/cater.ro\\\/fitnessplanet\\\/#website\"},\"datePublished\":\"2017-05-24T13:08:18+00:00\",\"dateModified\":\"2024-02-01T06:43:33+00:00\",\"description\":\"fitness timisoara\",\"breadcrumb\":{\"@id\":\"https:\\\/\\\/cater.ro\\\/fitnessplanet\\\/clase\\\/#breadcrumb\"},\"inLanguage\":\"ro-RO\",\"potentialAction\":[{\"@type\":\"ReadAction\",\"target\":[\"https:\\\/\\\/cater.ro\\\/fitnessplanet\\\/clase\\\/\"]}]},{\"@type\":\"BreadcrumbList\",\"@id\":\"https:\\\/\\\/cater.ro\\\/fitnessplanet\\\/clase\\\/#breadcrumb\",\"itemListElement\":[{\"@type\":\"ListItem\",\"position\":1,\"name\":\"Prima pagin\u0103\",\"item\":\"https:\\\/\\\/cater.ro\\\/fitnessplanet\\\/home\\\/\"},{\"@type\":\"ListItem\",\"position\":2,\"name\":\"Clase\"}]},{\"@type\":\"WebSite\",\"@id\":\"https:\\\/\\\/cater.ro\\\/fitnessplanet\\\/#website\",\"url\":\"https:\\\/\\\/cater.ro\\\/fitnessplanet\\\/\",\"name\":\"Fitness Planet\",\"description\":\"Sala Fitness Timisoara\",\"publisher\":{\"@id\":\"https:\\\/\\\/cater.ro\\\/fitnessplanet\\\/#organization\"},\"potentialAction\":[{\"@type\":\"SearchAction\",\"target\":{\"@type\":\"EntryPoint\",\"urlTemplate\":\"https:\\\/\\\/cater.ro\\\/fitnessplanet\\\/?s={search_term_string}\"},\"query-input\":{\"@type\":\"PropertyValueSpecification\",\"valueRequired\":true,\"valueName\":\"search_term_string\"}}],\"inLanguage\":\"ro-RO\"},{\"@type\":\"Organization\",\"@id\":\"https:\\\/\\\/cater.ro\\\/fitnessplanet\\\/#organization\",\"name\":\"Fitness Planet\",\"url\":\"https:\\\/\\\/cater.ro\\\/fitnessplanet\\\/\",\"logo\":{\"@type\":\"ImageObject\",\"inLanguage\":\"ro-RO\",\"@id\":\"https:\\\/\\\/cater.ro\\\/fitnessplanet\\\/#\\\/schema\\\/logo\\\/image\\\/\",\"url\":\"https:\\\/\\\/cater.ro\\\/fitnessplanet\\\/wp-content\\\/uploads\\\/2017\\\/05\\\/logo_fitness_planet.jpg\",\"contentUrl\":\"https:\\\/\\\/cater.ro\\\/fitnessplanet\\\/wp-content\\\/uploads\\\/2017\\\/05\\\/logo_fitness_planet.jpg\",\"width\":960,\"height\":960,\"caption\":\"Fitness Planet\"},\"image\":{\"@id\":\"https:\\\/\\\/cater.ro\\\/fitnessplanet\\\/#\\\/schema\\\/logo\\\/image\\\/\"},\"sameAs\":[\"https:\\\/\\\/www.facebook.com\\\/Fitness-Planet-Oficial-565618186815487\\\/?fref=ts\",\"https:\\\/\\\/www.instagram.com\\\/ovi_gross\\\/?hl=ro\",\"http:\\\/\\\/www.cater.ro\\\/fitnessplanet\",\"https:\\\/\\\/www.youtube.com\\\/edit?video_referrer=watch&amp;amp;amp;video_id=Z0avewybGa0\"]}]}<\/script>\n<!-- \/ Yoast SEO plugin. -->","yoast_head_json":{"title":"FitnessPlanet","description":"fitness timisoara","robots":{"index":"index","follow":"follow","max-snippet":"max-snippet:-1","max-image-preview":"max-image-preview:large","max-video-preview":"max-video-preview:-1"},"canonical":"https:\/\/cater.ro\/fitnessplanet\/clase\/","og_locale":"ro_RO","og_type":"article","og_title":"FitnessPlanet","og_description":"fitness timisoara","og_url":"https:\/\/cater.ro\/fitnessplanet\/clase\/","og_site_name":"Fitness Planet","article_publisher":"https:\/\/www.facebook.com\/Fitness-Planet-Oficial-565618186815487\/?fref=ts","article_modified_time":"2024-02-01T06:43:33+00:00","twitter_card":"summary_large_image","schema":{"@context":"https:\/\/schema.org","@graph":[{"@type":"WebPage","@id":"https:\/\/cater.ro\/fitnessplanet\/clase\/","url":"https:\/\/cater.ro\/fitnessplanet\/clase\/","name":"FitnessPlanet","isPartOf":{"@id":"https:\/\/cater.ro\/fitnessplanet\/#website"},"datePublished":"2017-05-24T13:08:18+00:00","dateModified":"2024-02-01T06:43:33+00:00","description":"fitness timisoara","breadcrumb":{"@id":"https:\/\/cater.ro\/fitnessplanet\/clase\/#breadcrumb"},"inLanguage":"ro-RO","potentialAction":[{"@type":"ReadAction","target":["https:\/\/cater.ro\/fitnessplanet\/clase\/"]}]},{"@type":"BreadcrumbList","@id":"https:\/\/cater.ro\/fitnessplanet\/clase\/#breadcrumb","itemListElement":[{"@type":"ListItem","position":1,"name":"Prima pagin\u0103","item":"https:\/\/cater.ro\/fitnessplanet\/home\/"},{"@type":"ListItem","position":2,"name":"Clase"}]},{"@type":"WebSite","@id":"https:\/\/cater.ro\/fitnessplanet\/#website","url":"https:\/\/cater.ro\/fitnessplanet\/","name":"Fitness Planet","description":"Sala Fitness Timisoara","publisher":{"@id":"https:\/\/cater.ro\/fitnessplanet\/#organization"},"potentialAction":[{"@type":"SearchAction","target":{"@type":"EntryPoint","urlTemplate":"https:\/\/cater.ro\/fitnessplanet\/?s={search_term_string}"},"query-input":{"@type":"PropertyValueSpecification","valueRequired":true,"valueName":"search_term_string"}}],"inLanguage":"ro-RO"},{"@type":"Organization","@id":"https:\/\/cater.ro\/fitnessplanet\/#organization","name":"Fitness Planet","url":"https:\/\/cater.ro\/fitnessplanet\/","logo":{"@type":"ImageObject","inLanguage":"ro-RO","@id":"https:\/\/cater.ro\/fitnessplanet\/#\/schema\/logo\/image\/","url":"https:\/\/cater.ro\/fitnessplanet\/wp-content\/uploads\/2017\/05\/logo_fitness_planet.jpg","contentUrl":"https:\/\/cater.ro\/fitnessplanet\/wp-content\/uploads\/2017\/05\/logo_fitness_planet.jpg","width":960,"height":960,"caption":"Fitness Planet"},"image":{"@id":"https:\/\/cater.ro\/fitnessplanet\/#\/schema\/logo\/image\/"},"sameAs":["https:\/\/www.facebook.com\/Fitness-Planet-Oficial-565618186815487\/?fref=ts","https:\/\/www.instagram.com\/ovi_gross\/?hl=ro","http:\/\/www.cater.ro\/fitnessplanet","https:\/\/www.youtube.com\/edit?video_referrer=watch&amp;amp;amp;video_id=Z0avewybGa0"]}]}},"_links":{"self":[{"href":"https:\/\/cater.ro\/fitnessplanet\/wp-json\/wp\/v2\/pages\/66","targetHints":{"allow":["GET"]}}],"collection":[{"href":"https:\/\/cater.ro\/fitnessplanet\/wp-json\/wp\/v2\/pages"}],"about":[{"href":"https:\/\/cater.ro\/fitnessplanet\/wp-json\/wp\/v2\/types\/page"}],"author":[{"embeddable":true,"href":"https:\/\/cater.ro\/fitnessplanet\/wp-json\/wp\/v2\/users\/1"}],"replies":[{"embeddable":true,"href":"https:\/\/cater.ro\/fitnessplanet\/wp-json\/wp\/v2\/comments?post=66"}],"version-history":[{"count":61,"href":"https:\/\/cater.ro\/fitnessplanet\/wp-json\/wp\/v2\/pages\/66\/revisions"}],"predecessor-version":[{"id":495,"href":"https:\/\/cater.ro\/fitnessplanet\/wp-json\/wp\/v2\/pages\/66\/revisions\/495"}],"wp:attachment":[{"href":"https:\/\/cater.ro\/fitnessplanet\/wp-json\/wp\/v2\/media?parent=66"}],"curies":[{"name":"wp","href":"https:\/\/api.w.org\/{rel}","templated":true}]}}