{"id":339,"date":"2017-05-30T17:16:48","date_gmt":"2017-05-30T17:16:48","guid":{"rendered":"https:\/\/cater.ro\/fitnessplanet\/?page_id=339"},"modified":"2024-02-01T06:43:36","modified_gmt":"2024-02-01T06:43:36","slug":"ghidul-scaderii-greutate","status":"publish","type":"page","link":"https:\/\/cater.ro\/fitnessplanet\/ghidul-scaderii-greutate\/","title":{"rendered":"Ghidul sc\u0103derii \u00een greutate"},"content":{"rendered":"<p><img loading=\"lazy\" decoding=\"async\" class=\"size-full wp-image-340 alignnone\" src=\"https:\/\/cater.ro\/fitnessplanet\/wp-content\/uploads\/2017\/05\/slabit-1.jpg\" alt=\"scaderea in greutate\" width=\"210\" height=\"142\" \/><br \/>\nScaderea in greutatea este in fond doar un calcul matematic. Pentru a slabi trebuie sa arzi mai multe calorii decat cele consumate. Pentru pierderea unei jumatati de kilogram, arde sau scoate din program 3500 de calorii pe saptamana, mai exact 500 de claorii pe zi. Este dificil, 500 de calorii inseamna mult, de aceea ideal este sa scoti din alimentatie 250 de calorii si sa arzi suplimentar 250.<br \/>\n<strong><em>\u00cen submeniurile site-ului v\u0103 ve\u021bi putea informa despre urm\u0103toarele aspecte:<\/em><\/strong><br \/>\n<span style=\"color: #0000ff;\"><a style=\"color: #0000ff;\" href=\"https:\/\/cater.ro\/fitnessplanet\/ce-este-obezitatea\/\"><b><i>ce este obezitatea<\/i><\/b><\/a><\/span><br \/>\n<span style=\"color: #0000ff;\"> <strong><a style=\"color: #0000ff;\" href=\"https:\/\/cater.ro\/fitnessplanet\/strategii-de-scadere-greutate-fara-infometare\/\">strategii de sc\u0103dere \u00een greutate f\u0103r\u0103 \u00eenfometare<\/a><\/strong><\/span><br \/>\n<span style=\"color: #0000ff;\"> <a style=\"color: #0000ff;\" href=\"https:\/\/cater.ro\/fitnessplanet\/ghidul-scaderii-greutate\/cum-determinam-consumul-caloric\/\"><strong>cum determin\u0103m \u00a0consumul caloric<\/strong><\/a><\/span><br \/>\n<span style=\"color: #0000ff;\"> <a style=\"color: #0000ff;\" href=\"https:\/\/cater.ro\/fitnessplanet\/ghidul-scaderii-greutate\/indicele-masei-corporale\/\"><strong>indicele masei corporale<\/strong><\/a><\/span><br \/>\n<span style=\"color: #0000ff;\"> <a style=\"color: #0000ff;\" href=\"https:\/\/cater.ro\/fitnessplanet\/ghidul-scaderii-greutate\/alegerea-unui-program-de-scadere-greutate\/\"><strong>alegerea unui program de sc\u0103dere \u00een greutate<\/strong><\/a><\/span><br \/>\n<span style=\"color: #0000ff;\"> <a style=\"color: #0000ff;\" href=\"https:\/\/cater.ro\/fitnessplanet\/ghidul-scaderii-greutate\/slabirea-pe-termen-lung\/\"><strong>sl\u0103birea pe termen lung<\/strong><\/a><\/span><br \/>\n<span style=\"color: #0000ff;\"> <a style=\"color: #0000ff;\" href=\"https:\/\/cater.ro\/fitnessplanet\/ghidul-scaderii-greutate\/regimurile-de-infometare\/\"><strong>regimurile de \u00eenfometare<\/strong><\/a><\/span><br \/>\n<span style=\"color: #0000ff;\"> <a style=\"color: #0000ff;\" href=\"https:\/\/cater.ro\/fitnessplanet\/ghidul-scaderii-greutate\/compozitia-corpului\/\"><strong>compozi\u021bia \u00a0corpului<\/strong><\/a><\/span><br \/>\n<span style=\"color: #0000ff;\"> <a style=\"color: #0000ff;\" href=\"https:\/\/cater.ro\/fitnessplanet\/ghidul-scaderii-greutate\/programul-de-control-al-greutatii\/\"><strong>programul de control al \u00a0greut\u0103\u021bii<\/strong><\/a><\/span><br \/>\n<span style=\"color: #0000ff;\"> <a style=\"color: #0000ff;\" href=\"https:\/\/cater.ro\/fitnessplanet\/reducerea-grasimii-dieta\/\"><strong>reducerea gr\u0103simii \u00een diet\u0103<\/strong><\/a><\/span><\/p>\n","protected":false},"excerpt":{"rendered":"<p>Scaderea in greutatea este in fond doar un calcul matematic. Pentru a slabi trebuie sa arzi mai multe calorii decat cele consumate. Pentru pierderea unei jumatati de kilogram, arde sau scoate din program 3500 de calorii pe saptamana, mai exact 500 de claorii pe zi. Este dificil, 500 de calorii inseamna mult, de aceea ideal [&hellip;]<\/p>\n","protected":false},"author":1,"featured_media":0,"parent":0,"menu_order":0,"comment_status":"closed","ping_status":"closed","template":"","meta":{"footnotes":""},"class_list":["post-339","page","type-page","status-publish"],"yoast_head":"<!-- This site is optimized with the Yoast SEO plugin v27.5 - https:\/\/yoast.com\/product\/yoast-seo-wordpress\/ -->\n<title>FitnessPlanet<\/title>\n<meta name=\"description\" content=\"fitness timisoara\" \/>\n<meta name=\"robots\" content=\"index, follow, max-snippet:-1, max-image-preview:large, max-video-preview:-1\" \/>\n<link rel=\"canonical\" href=\"https:\/\/cater.ro\/fitnessplanet\/ghidul-scaderii-greutate\/\" \/>\n<meta property=\"og:locale\" content=\"ro_RO\" \/>\n<meta property=\"og:type\" content=\"article\" \/>\n<meta property=\"og:title\" content=\"FitnessPlanet\" \/>\n<meta property=\"og:description\" content=\"fitness timisoara\" \/>\n<meta property=\"og:url\" content=\"https:\/\/cater.ro\/fitnessplanet\/ghidul-scaderii-greutate\/\" \/>\n<meta property=\"og:site_name\" content=\"Fitness Planet\" \/>\n<meta property=\"article:publisher\" content=\"https:\/\/www.facebook.com\/Fitness-Planet-Oficial-565618186815487\/?fref=ts\" \/>\n<meta property=\"article:modified_time\" content=\"2024-02-01T06:43:36+00:00\" \/>\n<meta property=\"og:image\" content=\"https:\/\/cater.ro\/fitnessplanet\/wp-content\/uploads\/2017\/05\/slabit-1.jpg\" \/>\n<meta name=\"twitter:card\" content=\"summary_large_image\" \/>\n<meta name=\"twitter:label1\" content=\"Timp estimat pentru citire\" \/>\n\t<meta name=\"twitter:data1\" content=\"1 minut\" \/>\n<script type=\"application\/ld+json\" class=\"yoast-schema-graph\">{\"@context\":\"https:\\\/\\\/schema.org\",\"@graph\":[{\"@type\":\"WebPage\",\"@id\":\"https:\\\/\\\/cater.ro\\\/fitnessplanet\\\/ghidul-scaderii-greutate\\\/\",\"url\":\"https:\\\/\\\/cater.ro\\\/fitnessplanet\\\/ghidul-scaderii-greutate\\\/\",\"name\":\"FitnessPlanet\",\"isPartOf\":{\"@id\":\"https:\\\/\\\/cater.ro\\\/fitnessplanet\\\/#website\"},\"primaryImageOfPage\":{\"@id\":\"https:\\\/\\\/cater.ro\\\/fitnessplanet\\\/ghidul-scaderii-greutate\\\/#primaryimage\"},\"image\":{\"@id\":\"https:\\\/\\\/cater.ro\\\/fitnessplanet\\\/ghidul-scaderii-greutate\\\/#primaryimage\"},\"thumbnailUrl\":\"https:\\\/\\\/cater.ro\\\/fitnessplanet\\\/wp-content\\\/uploads\\\/2017\\\/05\\\/slabit-1.jpg\",\"datePublished\":\"2017-05-30T17:16:48+00:00\",\"dateModified\":\"2024-02-01T06:43:36+00:00\",\"description\":\"fitness timisoara\",\"breadcrumb\":{\"@id\":\"https:\\\/\\\/cater.ro\\\/fitnessplanet\\\/ghidul-scaderii-greutate\\\/#breadcrumb\"},\"inLanguage\":\"ro-RO\",\"potentialAction\":[{\"@type\":\"ReadAction\",\"target\":[\"https:\\\/\\\/cater.ro\\\/fitnessplanet\\\/ghidul-scaderii-greutate\\\/\"]}]},{\"@type\":\"ImageObject\",\"inLanguage\":\"ro-RO\",\"@id\":\"https:\\\/\\\/cater.ro\\\/fitnessplanet\\\/ghidul-scaderii-greutate\\\/#primaryimage\",\"url\":\"https:\\\/\\\/cater.ro\\\/fitnessplanet\\\/wp-content\\\/uploads\\\/2017\\\/05\\\/slabit-1.jpg\",\"contentUrl\":\"https:\\\/\\\/cater.ro\\\/fitnessplanet\\\/wp-content\\\/uploads\\\/2017\\\/05\\\/slabit-1.jpg\",\"width\":210,\"height\":142,\"caption\":\"ghidul scaderii in greutate\"},{\"@type\":\"BreadcrumbList\",\"@id\":\"https:\\\/\\\/cater.ro\\\/fitnessplanet\\\/ghidul-scaderii-greutate\\\/#breadcrumb\",\"itemListElement\":[{\"@type\":\"ListItem\",\"position\":1,\"name\":\"Prima pagin\u0103\",\"item\":\"https:\\\/\\\/cater.ro\\\/fitnessplanet\\\/home\\\/\"},{\"@type\":\"ListItem\",\"position\":2,\"name\":\"Ghidul sc\u0103derii \u00een greutate\"}]},{\"@type\":\"WebSite\",\"@id\":\"https:\\\/\\\/cater.ro\\\/fitnessplanet\\\/#website\",\"url\":\"https:\\\/\\\/cater.ro\\\/fitnessplanet\\\/\",\"name\":\"Fitness Planet\",\"description\":\"Sala Fitness Timisoara\",\"publisher\":{\"@id\":\"https:\\\/\\\/cater.ro\\\/fitnessplanet\\\/#organization\"},\"potentialAction\":[{\"@type\":\"SearchAction\",\"target\":{\"@type\":\"EntryPoint\",\"urlTemplate\":\"https:\\\/\\\/cater.ro\\\/fitnessplanet\\\/?s={search_term_string}\"},\"query-input\":{\"@type\":\"PropertyValueSpecification\",\"valueRequired\":true,\"valueName\":\"search_term_string\"}}],\"inLanguage\":\"ro-RO\"},{\"@type\":\"Organization\",\"@id\":\"https:\\\/\\\/cater.ro\\\/fitnessplanet\\\/#organization\",\"name\":\"Fitness Planet\",\"url\":\"https:\\\/\\\/cater.ro\\\/fitnessplanet\\\/\",\"logo\":{\"@type\":\"ImageObject\",\"inLanguage\":\"ro-RO\",\"@id\":\"https:\\\/\\\/cater.ro\\\/fitnessplanet\\\/#\\\/schema\\\/logo\\\/image\\\/\",\"url\":\"https:\\\/\\\/cater.ro\\\/fitnessplanet\\\/wp-content\\\/uploads\\\/2017\\\/05\\\/logo_fitness_planet.jpg\",\"contentUrl\":\"https:\\\/\\\/cater.ro\\\/fitnessplanet\\\/wp-content\\\/uploads\\\/2017\\\/05\\\/logo_fitness_planet.jpg\",\"width\":960,\"height\":960,\"caption\":\"Fitness Planet\"},\"image\":{\"@id\":\"https:\\\/\\\/cater.ro\\\/fitnessplanet\\\/#\\\/schema\\\/logo\\\/image\\\/\"},\"sameAs\":[\"https:\\\/\\\/www.facebook.com\\\/Fitness-Planet-Oficial-565618186815487\\\/?fref=ts\",\"https:\\\/\\\/www.instagram.com\\\/ovi_gross\\\/?hl=ro\",\"http:\\\/\\\/www.cater.ro\\\/fitnessplanet\",\"https:\\\/\\\/www.youtube.com\\\/edit?video_referrer=watch&amp;amp;amp;video_id=Z0avewybGa0\"]}]}<\/script>\n<!-- \/ Yoast SEO plugin. -->","yoast_head_json":{"title":"FitnessPlanet","description":"fitness timisoara","robots":{"index":"index","follow":"follow","max-snippet":"max-snippet:-1","max-image-preview":"max-image-preview:large","max-video-preview":"max-video-preview:-1"},"canonical":"https:\/\/cater.ro\/fitnessplanet\/ghidul-scaderii-greutate\/","og_locale":"ro_RO","og_type":"article","og_title":"FitnessPlanet","og_description":"fitness timisoara","og_url":"https:\/\/cater.ro\/fitnessplanet\/ghidul-scaderii-greutate\/","og_site_name":"Fitness Planet","article_publisher":"https:\/\/www.facebook.com\/Fitness-Planet-Oficial-565618186815487\/?fref=ts","article_modified_time":"2024-02-01T06:43:36+00:00","og_image":[{"url":"https:\/\/cater.ro\/fitnessplanet\/wp-content\/uploads\/2017\/05\/slabit-1.jpg","type":"","width":"","height":""}],"twitter_card":"summary_large_image","twitter_misc":{"Timp estimat pentru citire":"1 minut"},"schema":{"@context":"https:\/\/schema.org","@graph":[{"@type":"WebPage","@id":"https:\/\/cater.ro\/fitnessplanet\/ghidul-scaderii-greutate\/","url":"https:\/\/cater.ro\/fitnessplanet\/ghidul-scaderii-greutate\/","name":"FitnessPlanet","isPartOf":{"@id":"https:\/\/cater.ro\/fitnessplanet\/#website"},"primaryImageOfPage":{"@id":"https:\/\/cater.ro\/fitnessplanet\/ghidul-scaderii-greutate\/#primaryimage"},"image":{"@id":"https:\/\/cater.ro\/fitnessplanet\/ghidul-scaderii-greutate\/#primaryimage"},"thumbnailUrl":"https:\/\/cater.ro\/fitnessplanet\/wp-content\/uploads\/2017\/05\/slabit-1.jpg","datePublished":"2017-05-30T17:16:48+00:00","dateModified":"2024-02-01T06:43:36+00:00","description":"fitness timisoara","breadcrumb":{"@id":"https:\/\/cater.ro\/fitnessplanet\/ghidul-scaderii-greutate\/#breadcrumb"},"inLanguage":"ro-RO","potentialAction":[{"@type":"ReadAction","target":["https:\/\/cater.ro\/fitnessplanet\/ghidul-scaderii-greutate\/"]}]},{"@type":"ImageObject","inLanguage":"ro-RO","@id":"https:\/\/cater.ro\/fitnessplanet\/ghidul-scaderii-greutate\/#primaryimage","url":"https:\/\/cater.ro\/fitnessplanet\/wp-content\/uploads\/2017\/05\/slabit-1.jpg","contentUrl":"https:\/\/cater.ro\/fitnessplanet\/wp-content\/uploads\/2017\/05\/slabit-1.jpg","width":210,"height":142,"caption":"ghidul scaderii in greutate"},{"@type":"BreadcrumbList","@id":"https:\/\/cater.ro\/fitnessplanet\/ghidul-scaderii-greutate\/#breadcrumb","itemListElement":[{"@type":"ListItem","position":1,"name":"Prima pagin\u0103","item":"https:\/\/cater.ro\/fitnessplanet\/home\/"},{"@type":"ListItem","position":2,"name":"Ghidul sc\u0103derii \u00een greutate"}]},{"@type":"WebSite","@id":"https:\/\/cater.ro\/fitnessplanet\/#website","url":"https:\/\/cater.ro\/fitnessplanet\/","name":"Fitness Planet","description":"Sala Fitness Timisoara","publisher":{"@id":"https:\/\/cater.ro\/fitnessplanet\/#organization"},"potentialAction":[{"@type":"SearchAction","target":{"@type":"EntryPoint","urlTemplate":"https:\/\/cater.ro\/fitnessplanet\/?s={search_term_string}"},"query-input":{"@type":"PropertyValueSpecification","valueRequired":true,"valueName":"search_term_string"}}],"inLanguage":"ro-RO"},{"@type":"Organization","@id":"https:\/\/cater.ro\/fitnessplanet\/#organization","name":"Fitness Planet","url":"https:\/\/cater.ro\/fitnessplanet\/","logo":{"@type":"ImageObject","inLanguage":"ro-RO","@id":"https:\/\/cater.ro\/fitnessplanet\/#\/schema\/logo\/image\/","url":"https:\/\/cater.ro\/fitnessplanet\/wp-content\/uploads\/2017\/05\/logo_fitness_planet.jpg","contentUrl":"https:\/\/cater.ro\/fitnessplanet\/wp-content\/uploads\/2017\/05\/logo_fitness_planet.jpg","width":960,"height":960,"caption":"Fitness Planet"},"image":{"@id":"https:\/\/cater.ro\/fitnessplanet\/#\/schema\/logo\/image\/"},"sameAs":["https:\/\/www.facebook.com\/Fitness-Planet-Oficial-565618186815487\/?fref=ts","https:\/\/www.instagram.com\/ovi_gross\/?hl=ro","http:\/\/www.cater.ro\/fitnessplanet","https:\/\/www.youtube.com\/edit?video_referrer=watch&amp;amp;amp;video_id=Z0avewybGa0"]}]}},"_links":{"self":[{"href":"https:\/\/cater.ro\/fitnessplanet\/wp-json\/wp\/v2\/pages\/339","targetHints":{"allow":["GET"]}}],"collection":[{"href":"https:\/\/cater.ro\/fitnessplanet\/wp-json\/wp\/v2\/pages"}],"about":[{"href":"https:\/\/cater.ro\/fitnessplanet\/wp-json\/wp\/v2\/types\/page"}],"author":[{"embeddable":true,"href":"https:\/\/cater.ro\/fitnessplanet\/wp-json\/wp\/v2\/users\/1"}],"replies":[{"embeddable":true,"href":"https:\/\/cater.ro\/fitnessplanet\/wp-json\/wp\/v2\/comments?post=339"}],"version-history":[{"count":4,"href":"https:\/\/cater.ro\/fitnessplanet\/wp-json\/wp\/v2\/pages\/339\/revisions"}],"predecessor-version":[{"id":417,"href":"https:\/\/cater.ro\/fitnessplanet\/wp-json\/wp\/v2\/pages\/339\/revisions\/417"}],"wp:attachment":[{"href":"https:\/\/cater.ro\/fitnessplanet\/wp-json\/wp\/v2\/media?parent=339"}],"curies":[{"name":"wp","href":"https:\/\/api.w.org\/{rel}","templated":true}]}}